{"id":541,"date":"2025-12-22T16:25:54","date_gmt":"2025-12-22T15:25:54","guid":{"rendered":"https:\/\/dev.ibwave.org\/politica-de-cookies\/"},"modified":"2026-01-31T19:03:43","modified_gmt":"2026-01-31T18:03:43","slug":"cookies-policy","status":"publish","type":"page","link":"https:\/\/dev.ibwave.org\/en\/cookies-policy\/","title":{"rendered":"Cookies policy"},"content":{"rendered":"\t\t<div data-elementor-type=\"wp-page\" data-elementor-id=\"541\" class=\"elementor elementor-541 elementor-30\" data-elementor-post-type=\"page\">\n\t\t\t\t\t\t<section class=\"elementor-section elementor-top-section elementor-element elementor-element-653433c1 elementor-section-boxed elementor-section-height-default elementor-section-height-default\" data-id=\"653433c1\" data-element_type=\"section\" data-e-type=\"section\">\n\t\t\t\t\t\t<div class=\"elementor-container elementor-column-gap-default\">\n\t\t\t\t\t<div class=\"elementor-column elementor-col-100 elementor-top-column elementor-element elementor-element-16e9be44\" data-id=\"16e9be44\" data-element_type=\"column\" data-e-type=\"column\">\n\t\t\t<div class=\"elementor-widget-wrap elementor-element-populated\">\n\t\t\t\t\t\t<div class=\"elementor-element elementor-element-605a24e9 elementor-widget elementor-widget-text-editor\" data-id=\"605a24e9\" data-element_type=\"widget\" data-e-type=\"widget\" data-widget_type=\"text-editor.default\">\n\t\t\t\t\t\t\t\t\t<h1 class=\"elementor-heading-title elementor-size-default\">Pol\u00edtica de cookies<\/h1><p>\u00a0<\/p><h4>\u00bfQu\u00e9 es una cookie?<\/h4><p>Una cookie es un fichero que se descarga en su ordenador al acceder a determinadas p\u00e1ginas web. Las cookies permiten a una p\u00e1gina web, entre otras cosas, almacenar y recuperar informaci\u00f3n sobre los h\u00e1bitos de navegaci\u00f3n de un usuario o de su equipo y, dependiendo de la informaci\u00f3n que contengan y de la forma en que utilice su equipo, pueden utilizarse para reconocer al usuario.<\/p><p>\u00a0<\/p><h4><span id=\"sections1\"><\/span>\u00bfC\u00f3mo y por qu\u00e9 utilizamos cookies?<\/h4><p>Las cookies se utilizan para mejorar el uso y la funcionalidad de los sitios web y para comprender mejor el uso que hacen los visitantes de nuestro sitio web y de las herramientas y servicios que en \u00e9l se ofrecen. El almacenamiento de las cookies en su ordenador representa una forma sencilla y c\u00f3moda de personalizar o mejorar su experiencia en nuestros sitios web y de hacer que su siguiente visita sea m\u00e1s agradable. No utilizamos las cookies para recopilar informaci\u00f3n personal como su nombre; no obstante, podemos vincular informaci\u00f3n incluida en una cookie a informaci\u00f3n personal recopilada sobre usted de otro modo (p. ej., registro general en el sitio web).<\/p><p>\u00a0<\/p><h4><span id=\"sections2\"><\/span>\u00bfC\u00f3mo puedo cambiar la configuraci\u00f3n de las cookies?<\/h4><p>Usted puede modificar la configuraci\u00f3n de las cookies (p. ej., para que se le informe de cu\u00e1ndo se env\u00edan cookies a su ordenador) en cualquier momento. Si lo hace, tenga en cuenta que es posible que no pueda registrarse en nuestro sitio web o utilizar otras funciones que requieran el registro o la recopilaci\u00f3n de datos.<\/p><p>Todos los cambios que se realicen en la configuraci\u00f3n de las cookies para este sitio web se guardar\u00e1n hasta que decida realizar nuevos cambios, en caso de que cambie de opini\u00f3n.<\/p><p>Usted puede restringir, bloquear o borrar las cookies del esta web, utilizando su navegador. En cada navegador la operativa es diferente. Para m\u00e1s informaci\u00f3n sobre como bloquear el uso de las cookies puede visitar los siguientes enlaces:<\/p><ol><li>Internet Explorer:\u00a0Herramientas -&gt; Opciones de Internet -&gt; Privacidad -&gt; Configuraci\u00f3n.<br \/>Para m\u00e1s informaci\u00f3n, puede consultar el soporte de Microsoft o la Ayuda del navegador.<\/li><li>Firefox:\u00a0Herramientas -&gt; Opciones -&gt; Privacidad -&gt; Historial -&gt; Configuraci\u00f3n Personalizada.<br \/>Para m\u00e1s informaci\u00f3n, puede consultar el soporte de Mozilla o la Ayuda del navegador.<\/li><li>Chrome:\u00a0Configuraci\u00f3n -&gt; Mostrar opciones avanzadas -&gt; Privacidad -&gt; Configuraci\u00f3n de contenido.<br \/>Para m\u00e1s informaci\u00f3n, puede consultar el soporte de Google o la Ayuda del navegador.<\/li><li>Safari:\u00a0Preferencias -&gt; Seguridad.<br \/>Para m\u00e1s informaci\u00f3n, puede consultar el soporte de Apple o la Ayuda del navegador.<\/li><\/ol><p>\u00a0<\/p><h4><span id=\"sections3\"><\/span>\u00bfQu\u00e9 tipos de cookies utilizamos?<\/h4><p><strong>Nuestro sitio web emplea los siguientes tipos de cookies.<\/strong><\/p><ul><li>Cookies imprescindibles:\u00a0Estas son las cookies que son estrictamente necesarias para el funcionamiento de un sitio web. Sin ellas, este sitio web no puede funcionar correctamente. Por ese motivo, no solicitamos su consentimiento expl\u00edcito respecto a estas cookies. Sin embargo, su consentimiento s\u00ed que ser\u00e1 necesario para el resto de cookies.<\/li><li>Cookies propias:\u00a0Son cookies creadas por este sitio web y que solo puede leer el propio sitio.<\/li><li>Cookies de terceros:\u00a0Son cookies creadas por terceros y que utilizamos para diferentes servicios (p. ej., an\u00e1lisis del sitio web o publicidad).<\/li><li>Cookies flash:\u00a0Tambi\u00e9n utilizamos cookies flash para almacenar sus preferencias como el control del volumen o una puntuaci\u00f3n m\u00e1xima de un juego, o para mostrar contenido bas\u00e1ndose en lo que consulta en nuestro sitio web para personalizar la visita. Terceras empresas, con las que colaboramos para proporcionar determinadas caracter\u00edsticas en nuestro sitio web, como juegos y promociones, utilizan cookies flash para recopilar y almacenar datos de car\u00e1cter no personal.<br \/>Las cookies flash son diferentes a las cookies de sesi\u00f3n o persistentes en cuanto a la cantidad, el tipo y el modo de almacenar los datos. Las herramientas de gesti\u00f3n de las cookies proporcionadas por su navegador no eliminar\u00e1n las cookies flash.<\/li><\/ul><p>\u00a0<\/p><p>\u00a0<\/p><table cellspacing=\"0\" cellpadding=\"0\"><tbody><tr><td valign=\"middle\"><p>Nombre<\/p><\/td><td valign=\"middle\"><p>Tipo<\/p><\/td><td valign=\"middle\"><p>Funcionalidad<\/p><\/td><td valign=\"middle\"><p>Observaciones<\/p><\/td><\/tr><tr><td valign=\"middle\"><p>Google analytics (_ga, __utma, __utmb, __utmc, __utmz)<\/p><\/td><td valign=\"middle\"><p>Cookies propias (se precisa consentimiento)<\/p><\/td><td valign=\"middle\"><p>Estas cookies se utilizan para recoger informaci\u00f3n sobre el uso de nuestro sitio web por parte de los visitantes. Utilizamos la informaci\u00f3n para elaborar informes y para mejorar el sitio. Las cookies recopilan informaci\u00f3n de forma an\u00f3nima, que incluye el n\u00famero de visitantes al sitio, el lugar de procedencia al sitio de los visitantes y las p\u00e1ginas visitadas.<\/p><\/td><td valign=\"middle\"><p>Google utilizar\u00e1 esta informaci\u00f3n para evaluar su uso del sitio web y recopilar\u00e1 informes sobre la actividad del sitio para sus operadores y proporcionar\u00e1 otros servicios relacionados con la actividad del sitio web y el uso de Internet. Google tambi\u00e9n podr\u00e1 transferir esta informaci\u00f3n a terceros cuando as\u00ed lo exija la legislaci\u00f3n o cuando terceras partes procesen la informaci\u00f3n en nombre de Google. Google no vincular\u00e1 su direcci\u00f3n IP con ning\u00fan otro dato en propiedad de Google. Puede negarse al uso de cookies, mediante la configuraci\u00f3n correspondiente en su navegador, aunque deber\u00e1 tener en cuenta que si lo hace no disfrutar\u00e1 de una funcionalidad plena de este sitio web. Al utilizar este sitio web, da su consentimiento para que Google procese los datos sobre usted del modo y para los fines anteriormente citados. Puede obtener m\u00e1s informaci\u00f3n sobre las cookies de Google en la\u00a0<a href=\"http:\/\/www.google.es\/intl\/es\/policies\/privacy\/\">Pol\u00edtica de privacidad de Google<\/a>.<\/p><\/td><\/tr><tr><td valign=\"middle\"><p>uid, cid<\/p><\/td><td valign=\"middle\"><p>Cookies de terceros (se precisa consentimiento)<\/p><\/td><td valign=\"middle\"><p>Estas cookies se utilizan para saber c\u00f3mo acceden las personas a nuestras campa\u00f1as de publicidad digital. Nos permiten conocer y evaluar los clics en nuestra publicidad para poder mejorar el servicio que usted recibe.<\/p><\/td><td valign=\"middle\"><p>Para m\u00e1s informaci\u00f3n sobre las cookies de adform, visite\u00a0<a href=\"http:\/\/www.adform.com\/site\/privacy-policy\/\">esta web<\/a><\/p><\/td><\/tr><tr><td valign=\"middle\"><p>Flash cookies<\/p><\/td><td valign=\"middle\"><p>Cookies imprescindibles<\/p><\/td><td colspan=\"2\" valign=\"middle\"><p>Para la correcta visualizaci\u00f3n de la pel\u00edcula en Flash, es necesario usar Flash Local Stored Objetcs, conocidos comunmente como Flash Cookies<\/p><\/td><\/tr><\/tbody><\/table><p>NOTA: Esta lista se actualizar\u00e1 con la mayor celeridad posible a medida que cambien los servicios de los sitios web ofrecidos en los mismos. Sin embargo, ocasionalmente durante esta actualizaci\u00f3n puede ser que la lista no incluya ya una cookie, aunque siempre se referir\u00e1 a cookies con prop\u00f3sitos id\u00e9nticos a los registrados en esta lista. \u00daltima actualizaci\u00f3n de esta lista:18\/02\/2022<\/p><p>\u00a9 2022 THINK AHEAD ACADEMY, SL. Todos los derechos reservados.<\/p>\t\t\t\t\t\t\t\t<\/div>\n\t\t\t\t\t<\/div>\n\t\t<\/div>\n\t\t\t\t\t<\/div>\n\t\t<\/section>\n\t\t\t\t<\/div>\n\t\t","protected":false},"excerpt":{"rendered":"<p>Pol\u00edtica de cookies \u00a0 \u00bfQu\u00e9 es una cookie? Una cookie es un fichero que se descarga en su ordenador al acceder a determinadas p\u00e1ginas web. Las cookies permiten a una p\u00e1gina web, entre otras cosas, almacenar y recuperar informaci\u00f3n sobre los h\u00e1bitos de navegaci\u00f3n de un usuario o de su equipo y, dependiendo de la [&hellip;]<\/p>\n","protected":false},"author":2,"featured_media":0,"parent":0,"menu_order":0,"comment_status":"closed","ping_status":"closed","template":"","meta":{"footnotes":""},"class_list":["post-541","page","type-page","status-publish","hentry"],"_links":{"self":[{"href":"https:\/\/dev.ibwave.org\/en\/wp-json\/wp\/v2\/pages\/541","targetHints":{"allow":["GET"]}}],"collection":[{"href":"https:\/\/dev.ibwave.org\/en\/wp-json\/wp\/v2\/pages"}],"about":[{"href":"https:\/\/dev.ibwave.org\/en\/wp-json\/wp\/v2\/types\/page"}],"author":[{"embeddable":true,"href":"https:\/\/dev.ibwave.org\/en\/wp-json\/wp\/v2\/users\/2"}],"replies":[{"embeddable":true,"href":"https:\/\/dev.ibwave.org\/en\/wp-json\/wp\/v2\/comments?post=541"}],"version-history":[{"count":4,"href":"https:\/\/dev.ibwave.org\/en\/wp-json\/wp\/v2\/pages\/541\/revisions"}],"predecessor-version":[{"id":559,"href":"https:\/\/dev.ibwave.org\/en\/wp-json\/wp\/v2\/pages\/541\/revisions\/559"}],"wp:attachment":[{"href":"https:\/\/dev.ibwave.org\/en\/wp-json\/wp\/v2\/media?parent=541"}],"curies":[{"name":"wp","href":"https:\/\/api.w.org\/{rel}","templated":true}]}}