{"id":542,"date":"2025-12-22T16:25:32","date_gmt":"2025-12-22T15:25:32","guid":{"rendered":"https:\/\/dev.ibwave.org\/aviso-legal\/"},"modified":"2026-01-31T19:03:57","modified_gmt":"2026-01-31T18:03:57","slug":"legal-notice","status":"publish","type":"page","link":"https:\/\/dev.ibwave.org\/en\/legal-notice\/","title":{"rendered":"Legal notice"},"content":{"rendered":"\t\t<div data-elementor-type=\"wp-page\" data-elementor-id=\"542\" class=\"elementor elementor-542 elementor-28\" data-elementor-post-type=\"page\">\n\t\t\t\t\t\t<section class=\"elementor-section elementor-top-section elementor-element elementor-element-4bba8e77 elementor-section-boxed elementor-section-height-default elementor-section-height-default\" data-id=\"4bba8e77\" data-element_type=\"section\" data-e-type=\"section\">\n\t\t\t\t\t\t<div class=\"elementor-container elementor-column-gap-default\">\n\t\t\t\t\t<div class=\"elementor-column elementor-col-100 elementor-top-column elementor-element elementor-element-37c14334\" data-id=\"37c14334\" data-element_type=\"column\" data-e-type=\"column\">\n\t\t\t<div class=\"elementor-widget-wrap elementor-element-populated\">\n\t\t\t\t\t\t<div class=\"elementor-element elementor-element-35c2ae4e elementor-widget elementor-widget-text-editor\" data-id=\"35c2ae4e\" data-element_type=\"widget\" data-e-type=\"widget\" data-widget_type=\"text-editor.default\">\n\t\t\t\t\t\t\t\t\t<h1>Aviso legal<\/h1><p>La titularidad de esta web pertenece a THINK AHEAD ACADEMY, SL, con CIF B-87547238, domicilio en Calle Valportillo II, 14, y tel\u00e9fono 656550040, mail: info@virtuscollege.es, inscrita en el Registro Mercantil, el 23\/05\/2016, hora: 13.45, asiento 10\/67\/192 folio 29, Prot. 2016\/374\/N\/21\/04\/2016. N. Entrada: 1\/2016\u00a0 05.<\/p><h3>Condiciones de uso<\/h3><p>\u00a0<\/p><h4>Propiedad intelectual e industrial<\/h4><p>El dise\u00f1o del portal y sus c\u00f3digos fuente pertenecen a THINK AHEAD ACADEMY, SL, as\u00ed como los logos, marcas y dem\u00e1s signos distintivos que aparecen en el mismo y est\u00e1n protegidos por los correspondientes derechos de propiedad intelectual e industrial.<\/p><p>\u00a0<\/p><h4>Servicio que se presta<\/h4><ul><li>La totalidad de los servicios directos e indirectos de refuerzo educativo particular a alumnos del Programa del Diploma,\u00a0son servicios de formaci\u00f3n no reglada, prestados por THINK AHEAD ACADEMY, SL.<br \/>Cualquier menci\u00f3n al \u201cBachillerato Internacional\u201d o \u201cInternational Baccalaureate\u201d (o BI o IB por sus siglas) estar\u00e1 haciendo referencia al Programa del Diploma o Diploma Programme.<\/li><\/ul><p>\u00a0<\/p><h4>Responsabilidad de los contenidos<\/h4><p>THINK AHEAD ACADEMY, SL no se hace responsable de la legalidad de otros sitios web de terceros desde los que pueda accederse al portal. THINK AHEAD ACADEMY, SL tampoco responde por la legalidad de otros sitios web de terceros, que pudieran estar vinculados o enlazados desde este portal.<\/p><p>THINK AHEAD ACADEMY, SL se reserva el derecho a realizar cambios en el sitio web sin previo aviso, al objeto de mantener actualizada su informaci\u00f3n, a\u00f1adiendo, modificando, corrigiendo o eliminando los contenidos publicados o el dise\u00f1o del portal.<\/p><p>THINK AHEAD ACADEMY, SL no ser\u00e1 responsable del uso que terceros hagan de la informaci\u00f3n publicada en el portal, ni tampoco de los da\u00f1os sufridos o p\u00e9rdidas econ\u00f3micas que, de forma directa o indirecta, produzcan o puedan producir perjuicios econ\u00f3micos, materiales o sobre datos, provocados por el uso de dicha informaci\u00f3n.<\/p><p>\u00a0<\/p><h4>Reproducci\u00f3n de contenidos<\/h4><p>Se proh\u00edbe la reproducci\u00f3n total o parcial de los contenidos publicados en el portal.<\/p><p>\u00a0<\/p><h4>Ley aplicable<\/h4><p>La ley aplicable en caso de disputa o conflicto de interpretaci\u00f3n de los t\u00e9rminos que conforman este aviso legal, as\u00ed como cualquier cuesti\u00f3n relacionada con los servicios del presente portal, ser\u00e1 la ley espa\u00f1ola.<\/p><p>\u00a0<\/p><h4>Links o hiperenlaces<\/h4><p>THINK AHEAD ACADEMY, SL le facilita el acceso a otras p\u00e1ginas web que consideramos pueden ser de su inter\u00e9s. El objetivo de dichos enlaces es \u00fanicamente facilitarle la b\u00fasqueda de los recursos que le puedan interesar a trav\u00e9s de Internet. No obstante, dichas p\u00e1ginas no le pertenecen, ni hace una revisi\u00f3n de sus contenidos y, por ello, no puede hacerse responsable de los mismos, del funcionamiento de la p\u00e1gina enlazada o de los posibles da\u00f1os que puedan derivarse del acceso o uso de la misma.<\/p><p>Los usuarios que se propongan establecer un hiperenlace al portal web de THINK AHEAD ACADEMY, SL deber\u00e1n tener en cuenta lo siguiente:<\/p><p>\u2022\u00a0El establecimiento del hiperenlace no implica en ning\u00fan caso la existencia de relaciones entre THINK AHEAD ACADEMY, SL y el propietario de la p\u00e1gina web en la que se establezca, ni la aceptaci\u00f3n y aprobaci\u00f3n por parte del mismo de sus contenidos o servicios.<\/p><p>\u2022\u00a0No se declarar\u00e1 ni se dar\u00e1 a entender que THINK AHEAD ACADEMY, SL ha autorizado expresamente el hiperenlace ni que ha supervisado o asumido de cualquier forma los servicios ofrecidos o puestos a disposici\u00f3n en la p\u00e1gina web desde la que se establece el hiperenlace.<\/p><p>\u2022\u00a0THINK AHEAD ACADEMY, SL no se responsabiliza en modo alguno ni garantiza la calidad, exactitud, fiabilidad, correcci\u00f3n o moralidad de contenidos o servicios que el establecimiento del hiperenlace pueda ofrecer.<\/p><p>\u2022\u00a0El usuario o la usuaria asumen bajo su exclusiva responsabilidad las consecuencias, da\u00f1os o acciones que pudieran derivarse del acceso a la p\u00e1gina web del hiperenlace.<\/p><p>\u2022\u00a0La p\u00e1gina web en la que se establezca el hiperenlace no podr\u00e1 contener ninguna marca, denominaci\u00f3n, logotipo, eslogan u otros signos distintivos pertenecientes a THINK AHEAD ACADEMY, SL excepto aquellos signos que formen parte del mismo hiperenlace.<\/p><p>\u2022 La p\u00e1gina web en la que se establezca el hiperenlace no contendr\u00e1 informaciones con contenidos il\u00edcitos, contrarios a la moral y a las buenas costumbres generalmente aceptadas, as\u00ed como tampoco contendr\u00e1 contenidos contrarios a cualesquiera derechos de terceros.<\/p><p>\u00a9 2022 THINK AHEAD ACADEMY, SL. Todos los derechos reservados.<\/p>\t\t\t\t\t\t\t\t<\/div>\n\t\t\t\t\t<\/div>\n\t\t<\/div>\n\t\t\t\t\t<\/div>\n\t\t<\/section>\n\t\t\t\t<\/div>\n\t\t","protected":false},"excerpt":{"rendered":"<p>Aviso legal La titularidad de esta web pertenece a THINK AHEAD ACADEMY, SL, con CIF B-87547238, domicilio en Calle Valportillo II, 14, y tel\u00e9fono 656550040, mail: info@virtuscollege.es, inscrita en el Registro Mercantil, el 23\/05\/2016, hora: 13.45, asiento 10\/67\/192 folio 29, Prot. 2016\/374\/N\/21\/04\/2016. N. Entrada: 1\/2016\u00a0 05. Condiciones de uso \u00a0 Propiedad intelectual e industrial El [&hellip;]<\/p>\n","protected":false},"author":2,"featured_media":0,"parent":0,"menu_order":0,"comment_status":"closed","ping_status":"closed","template":"","meta":{"footnotes":""},"class_list":["post-542","page","type-page","status-publish","hentry"],"_links":{"self":[{"href":"https:\/\/dev.ibwave.org\/en\/wp-json\/wp\/v2\/pages\/542","targetHints":{"allow":["GET"]}}],"collection":[{"href":"https:\/\/dev.ibwave.org\/en\/wp-json\/wp\/v2\/pages"}],"about":[{"href":"https:\/\/dev.ibwave.org\/en\/wp-json\/wp\/v2\/types\/page"}],"author":[{"embeddable":true,"href":"https:\/\/dev.ibwave.org\/en\/wp-json\/wp\/v2\/users\/2"}],"replies":[{"embeddable":true,"href":"https:\/\/dev.ibwave.org\/en\/wp-json\/wp\/v2\/comments?post=542"}],"version-history":[{"count":4,"href":"https:\/\/dev.ibwave.org\/en\/wp-json\/wp\/v2\/pages\/542\/revisions"}],"predecessor-version":[{"id":562,"href":"https:\/\/dev.ibwave.org\/en\/wp-json\/wp\/v2\/pages\/542\/revisions\/562"}],"wp:attachment":[{"href":"https:\/\/dev.ibwave.org\/en\/wp-json\/wp\/v2\/media?parent=542"}],"curies":[{"name":"wp","href":"https:\/\/api.w.org\/{rel}","templated":true}]}}